{"id":3,"date":"2011-10-13T07:05:14","date_gmt":"2011-10-13T07:05:14","guid":{"rendered":"http:\/\/bioquimica.zeus.umh.es\/presentacion\/"},"modified":"2017-05-31T08:59:03","modified_gmt":"2017-05-31T06:59:03","slug":"presentacion","status":"publish","type":"page","link":"https:\/\/bioquimica.umh.es\/ca\/presentacion\/","title":{"rendered":"Presentaci\u00f3"},"content":{"rendered":"<p><\/p>\n<p><p style=\"text-align: justify\">El Departament de Bioqu\u00edmica i Biologia Molecular es va crear el 1998, per mitj\u00e0 d&#8217;una resoluci\u00f3 de la Universitat Miguel Hern\u00e1ndez d&#8217;Elx (UMH), incl\u00f2s el personal docent del Departament de Neuroqu\u00edmica anterior. En l&#8217;actualitat, el personal del Departament d&#8217;ensenyament consta d&#8217;un total de 24 catedr\u00e0tics, professors titulars i professors a temps parcial, organitzats en diferents grups de recerca, aix\u00ed com m\u00e9s d&#8217;un centenar d&#8217;estudiants de postgrau que treballen en les diferents \u00e0rees de recerca i instituts de la Universitat. Els principals objectius del departament s\u00f3n el desenvolupament i el suport dels programes educatius en la Bioqu\u00edmica i Biologia Molecularde dels estudiants de pregrau i postgrau, capacitaci\u00f3 de personal de recerca i el desenvolupament de recerca b\u00e0sica i aplicada en les \u00e0rees de Bioqu\u00edmica, Biologia Molecular Biotecnologia i Biomedicina. El Departament de Bioqu\u00edmica i Biologia Molecular participa en l&#8217;activitat docent dels diferents graus de la Universitat, a les Facultades de Medicina i Farm\u00e0cia (Campus de Sant Joan), a la Facultat de Ci\u00e8ncies Experimentals (Campus d&#8217;Elx) i tamb\u00e9 al Escola Polit\u00e9cnica de Orihuela (Campus d&#8217;Orihuela). El Departament mostra una gran activitat no nom\u00e9s en els diferents campus de la universitat, sin\u00f3 tamb\u00e9 en els dos principals hospitals univesitaris d&#8217;Alacant i Elx a trav\u00e9s de diferents concerts educatius. El personal del departament ha donat lloc a la publicaci\u00f3 de nombrosos articles cient\u00edfics en revistes internacionals i participa en diferents programes de Doctorat que permeten als nostres estudiants per a la realitzaci\u00f3 de diferents tesis doctorals en tots els camps de la Bioqu\u00edmica i Biologia Molecular.<\/p>\n<p style=\"text-align: justify\">\n<p><\/p>","protected":false},"excerpt":{"rendered":"<p>El Departament de Bioqu\u00edmica i Biologia Molecular es va crear el 1998, per mitj\u00e0 d&#8217;una resoluci\u00f3 de la Universitat Miguel Hern\u00e1ndez d&#8217;Elx (UMH), incl\u00f2s el personal docent del Departament de Neuroqu\u00edmica anterior. En l&#8217;actualitat, el personal del Departament d&#8217;ensenyament consta d&#8217;un total de 24 catedr\u00e0tics, professors titulars i professors a temps parcial, organitzats en diferents [&#8230;]<\/p>\n","protected":false},"author":1,"featured_media":0,"parent":0,"menu_order":0,"comment_status":"closed","ping_status":"open","template":"","meta":{"_links_to":"","_links_to_target":""},"_links":{"self":[{"href":"https:\/\/bioquimica.umh.es\/ca\/wp-json\/wp\/v2\/pages\/3"}],"collection":[{"href":"https:\/\/bioquimica.umh.es\/ca\/wp-json\/wp\/v2\/pages"}],"about":[{"href":"https:\/\/bioquimica.umh.es\/ca\/wp-json\/wp\/v2\/types\/page"}],"author":[{"embeddable":true,"href":"https:\/\/bioquimica.umh.es\/ca\/wp-json\/wp\/v2\/users\/1"}],"replies":[{"embeddable":true,"href":"https:\/\/bioquimica.umh.es\/ca\/wp-json\/wp\/v2\/comments?post=3"}],"version-history":[{"count":0,"href":"https:\/\/bioquimica.umh.es\/ca\/wp-json\/wp\/v2\/pages\/3\/revisions"}],"wp:attachment":[{"href":"https:\/\/bioquimica.umh.es\/ca\/wp-json\/wp\/v2\/media?parent=3"}],"curies":[{"name":"wp","href":"https:\/\/api.w.org\/{rel}","templated":true}]}}