{"id":43,"date":"2018-01-22T20:15:09","date_gmt":"2018-01-22T19:15:09","guid":{"rendered":"http:\/\/bioquimica.umh.es\/?page_id=43"},"modified":"2018-04-24T13:02:09","modified_gmt":"2018-04-24T11:02:09","slug":"dr-luis-perez-garcia-estan","status":"publish","type":"page","link":"https:\/\/bioquimica.umh.es\/ca\/dr-luis-perez-garcia-estan\/","title":{"rendered":"<span lang=\"es\">(Espa\u00f1ol) Dr. Luis P\u00e9rez Garc\u00eda-Esta\u00f1<\/span>"},"content":{"rendered":"<p class=\"qtranxs-available-languages-message qtranxs-available-languages-message-ca\">Ho sentim, aquesta entrada es troba disponible \u00fanicament en <a href=\"https:\/\/bioquimica.umh.es\/es\/wp-json\/wp\/v2\/pages\/43\" class=\"qtranxs-available-language-link qtranxs-available-language-link-es\" title=\"Espa\u00f1ol\">Espanyol Europeu<\/a>.<\/p>","protected":false},"excerpt":{"rendered":"<p>Ho sentim, aquesta entrada es troba disponible \u00fanicament en Espanyol Europeu.<\/p>\n","protected":false},"author":148,"featured_media":0,"parent":0,"menu_order":0,"comment_status":"closed","ping_status":"closed","template":"","meta":{"_links_to":"","_links_to_target":""},"_links":{"self":[{"href":"https:\/\/bioquimica.umh.es\/ca\/wp-json\/wp\/v2\/pages\/43"}],"collection":[{"href":"https:\/\/bioquimica.umh.es\/ca\/wp-json\/wp\/v2\/pages"}],"about":[{"href":"https:\/\/bioquimica.umh.es\/ca\/wp-json\/wp\/v2\/types\/page"}],"author":[{"embeddable":true,"href":"https:\/\/bioquimica.umh.es\/ca\/wp-json\/wp\/v2\/users\/148"}],"replies":[{"embeddable":true,"href":"https:\/\/bioquimica.umh.es\/ca\/wp-json\/wp\/v2\/comments?post=43"}],"version-history":[{"count":0,"href":"https:\/\/bioquimica.umh.es\/ca\/wp-json\/wp\/v2\/pages\/43\/revisions"}],"wp:attachment":[{"href":"https:\/\/bioquimica.umh.es\/ca\/wp-json\/wp\/v2\/media?parent=43"}],"curies":[{"name":"wp","href":"https:\/\/api.w.org\/{rel}","templated":true}]}}