{"id":53,"date":"2018-01-22T20:17:26","date_gmt":"2018-01-22T19:17:26","guid":{"rendered":"http:\/\/bioquimica.umh.es\/?page_id=53"},"modified":"2018-04-24T12:08:50","modified_gmt":"2018-04-24T10:08:50","slug":"dra-maria-herranz-lopez","status":"publish","type":"page","link":"https:\/\/bioquimica.umh.es\/ca\/dra-maria-herranz-lopez\/","title":{"rendered":"<span lang=\"es\">(Espa\u00f1ol) Dra. Mar\u00eda Herranz L\u00f3pez<\/span>"},"content":{"rendered":"<p class=\"qtranxs-available-languages-message qtranxs-available-languages-message-ca\">Ho sentim, aquesta entrada es troba disponible \u00fanicament en <a href=\"https:\/\/bioquimica.umh.es\/es\/wp-json\/wp\/v2\/pages\/53\" class=\"qtranxs-available-language-link qtranxs-available-language-link-es\" title=\"Espa\u00f1ol\">Espanyol Europeu<\/a>.<\/p>","protected":false},"excerpt":{"rendered":"<p>Ho sentim, aquesta entrada es troba disponible \u00fanicament en Espanyol Europeu.<\/p>\n","protected":false},"author":148,"featured_media":0,"parent":0,"menu_order":0,"comment_status":"closed","ping_status":"closed","template":"","meta":{"_links_to":"","_links_to_target":""},"_links":{"self":[{"href":"https:\/\/bioquimica.umh.es\/ca\/wp-json\/wp\/v2\/pages\/53"}],"collection":[{"href":"https:\/\/bioquimica.umh.es\/ca\/wp-json\/wp\/v2\/pages"}],"about":[{"href":"https:\/\/bioquimica.umh.es\/ca\/wp-json\/wp\/v2\/types\/page"}],"author":[{"embeddable":true,"href":"https:\/\/bioquimica.umh.es\/ca\/wp-json\/wp\/v2\/users\/148"}],"replies":[{"embeddable":true,"href":"https:\/\/bioquimica.umh.es\/ca\/wp-json\/wp\/v2\/comments?post=53"}],"version-history":[{"count":0,"href":"https:\/\/bioquimica.umh.es\/ca\/wp-json\/wp\/v2\/pages\/53\/revisions"}],"wp:attachment":[{"href":"https:\/\/bioquimica.umh.es\/ca\/wp-json\/wp\/v2\/media?parent=53"}],"curies":[{"name":"wp","href":"https:\/\/api.w.org\/{rel}","templated":true}]}}