{"id":52,"date":"2018-01-22T20:12:01","date_gmt":"2018-01-22T19:12:01","guid":{"rendered":"http:\/\/bioquimica.umh.es\/?page_id=52"},"modified":"2018-04-24T13:12:34","modified_gmt":"2018-04-24T11:12:34","slug":"dr-jose-manuel-gonzalez-ros","status":"publish","type":"page","link":"https:\/\/bioquimica.umh.es\/en\/dr-jose-manuel-gonzalez-ros\/","title":{"rendered":"<span lang=\"es\">(Espa\u00f1ol) Dr. Jos\u00e9 Manuel Gonz\u00e1lez Ros<\/span>"},"content":{"rendered":"<p class=\"qtranxs-available-languages-message qtranxs-available-languages-message-en\">Sorry, this entry is only available in <a href=\"https:\/\/bioquimica.umh.es\/es\/wp-json\/wp\/v2\/pages\/52\" class=\"qtranxs-available-language-link qtranxs-available-language-link-es\" title=\"Espa\u00f1ol\">European Spanish<\/a>.<\/p>","protected":false},"excerpt":{"rendered":"<p>Sorry, this entry is only available in European Spanish.<\/p>\n","protected":false},"author":148,"featured_media":0,"parent":0,"menu_order":0,"comment_status":"closed","ping_status":"closed","template":"","meta":{"_links_to":"","_links_to_target":""},"_links":{"self":[{"href":"https:\/\/bioquimica.umh.es\/en\/wp-json\/wp\/v2\/pages\/52"}],"collection":[{"href":"https:\/\/bioquimica.umh.es\/en\/wp-json\/wp\/v2\/pages"}],"about":[{"href":"https:\/\/bioquimica.umh.es\/en\/wp-json\/wp\/v2\/types\/page"}],"author":[{"embeddable":true,"href":"https:\/\/bioquimica.umh.es\/en\/wp-json\/wp\/v2\/users\/148"}],"replies":[{"embeddable":true,"href":"https:\/\/bioquimica.umh.es\/en\/wp-json\/wp\/v2\/comments?post=52"}],"version-history":[{"count":0,"href":"https:\/\/bioquimica.umh.es\/en\/wp-json\/wp\/v2\/pages\/52\/revisions"}],"wp:attachment":[{"href":"https:\/\/bioquimica.umh.es\/en\/wp-json\/wp\/v2\/media?parent=52"}],"curies":[{"name":"wp","href":"https:\/\/api.w.org\/{rel}","templated":true}]}}